{"id":2983,"date":"2024-10-25T14:26:55","date_gmt":"2024-10-25T12:26:55","guid":{"rendered":"https:\/\/www.okazcaravane80.fr\/?page_id=2983"},"modified":"2024-10-26T17:13:33","modified_gmt":"2024-10-26T15:13:33","slug":"documents-a-fournir","status":"publish","type":"page","link":"https:\/\/www.okazcaravane80.fr\/index.php\/documents-a-fournir\/","title":{"rendered":"Documents \u00e0 fournir"},"content":{"rendered":"\n<p style=\"font-size:23px\">En tant que professionnel, nous sommes tenus d&#8217;effectuer les d\u00e9marches d&#8217;\u00e9tablissement de certificat d&#8217;immatriculation. Voici ce que vous devez pr\u00e9parer \u00e0 cet effet :<\/p>\n\n\n\n<ul class=\"wp-block-list\">\n<li style=\"font-size:23px\">Carte d&#8217;identit\u00e9 ou passeport valide<\/li>\n\n\n\n<li style=\"font-size:23px\">Permis de conduire<\/li>\n\n\n\n<li style=\"font-size:23px\"><a href=\"https:\/\/www.service-public.fr\/particuliers\/vosdroits\/F1028\">Justificatif de domicile<\/a> de moins de 6 mois (en cas de co-titulaires, justificatif de celui dont l&#8217;adresse va figurer sur la carte grise)\n<ul class=\"wp-block-list\">\n<li>Facture de gaz, d&#8217;\u00e9lectricit\u00e9, d&#8217;eau ou de t\u00e9l\u00e9phone (fixe ou mobile) <strong>de moins de 6 mois<\/strong><\/li>\n\n\n\n<li>Avis d&#8217;imposition ou de non-imposition de l&#8217;ann\u00e9e pr\u00e9c\u00e9dente (imp\u00f4t sur le revenu, taxe d&#8217;habitation ou taxe fonci\u00e8re)<\/li>\n\n\n\n<li>Quittance de loyer <strong>de moins de 6 mois<\/strong><\/li>\n\n\n\n<li>Titre de propri\u00e9t\u00e9 ou contrat de location (bail)<\/li>\n\n\n\n<li>Attestation d&#8217;assurance logement<\/li>\n<\/ul>\n<\/li>\n\n\n\n<li style=\"font-size:23px\">Attestation d&#8217;assurance de la caravane (m\u00e9mo assur\u00e9)<\/li>\n<\/ul>\n\n\n\n<p><\/p>\n\n\n\n<blockquote class=\"wp-block-quote is-layout-flow wp-block-quote-is-layout-flow\">\n<p class=\"has-primary-background-color has-background\">Source : <a href=\"https:\/\/www.service-public.fr\/particuliers\/vosdroits\/F1050\">https:\/\/www.service-public.fr\/particuliers\/vosdroits\/F1050<\/a><\/p>\n<\/blockquote>\n","protected":false},"excerpt":{"rendered":"<p>En tant que professionnel, nous sommes tenus d&#8217;effectuer les d\u00e9marches d&#8217;\u00e9tablissement de certificat d&#8217;immatriculation. Voici ce que vous devez pr\u00e9parer \u00e0 cet effet : Source : https:\/\/www.service-public.fr\/particuliers\/vosdroits\/F1050<\/p>\n","protected":false},"author":1,"featured_media":0,"parent":0,"menu_order":0,"comment_status":"closed","ping_status":"closed","template":"templates\/template-full-width.php","meta":{"footnotes":""},"class_list":["post-2983","page","type-page","status-publish","hentry"],"yoast_head":"<!-- This site is optimized with the Yoast SEO plugin v23.7 - https:\/\/yoast.com\/wordpress\/plugins\/seo\/ -->\n<title>Documents \u00e0 fournir - Okaz Caravane 80<\/title>\n<meta name=\"robots\" content=\"index, follow, max-snippet:-1, max-image-preview:large, max-video-preview:-1\" \/>\n<link rel=\"canonical\" href=\"https:\/\/www.okazcaravane80.fr\/index.php\/documents-a-fournir\/\" \/>\n<meta property=\"og:locale\" content=\"en_US\" \/>\n<meta property=\"og:type\" content=\"article\" \/>\n<meta property=\"og:title\" content=\"Documents \u00e0 fournir - Okaz Caravane 80\" \/>\n<meta property=\"og:description\" content=\"En tant que professionnel, nous sommes tenus d&#8217;effectuer les d\u00e9marches d&#8217;\u00e9tablissement de certificat d&#8217;immatriculation. Voici ce que vous devez pr\u00e9parer \u00e0 cet effet : Source : https:\/\/www.service-public.fr\/particuliers\/vosdroits\/F1050\" \/>\n<meta property=\"og:url\" content=\"https:\/\/www.okazcaravane80.fr\/index.php\/documents-a-fournir\/\" \/>\n<meta property=\"og:site_name\" content=\"Okaz Caravane 80\" \/>\n<meta property=\"article:publisher\" content=\"https:\/\/www.facebook.com\/OkazCaravane80\" \/>\n<meta property=\"article:modified_time\" content=\"2024-10-26T15:13:33+00:00\" \/>\n<meta property=\"og:image\" content=\"https:\/\/www.okazcaravane80.fr\/wp-content\/uploads\/2024\/10\/IMGOkazCaravane80.png\" \/>\n\t<meta property=\"og:image:width\" content=\"1316\" \/>\n\t<meta property=\"og:image:height\" content=\"878\" \/>\n\t<meta property=\"og:image:type\" content=\"image\/png\" \/>\n<meta name=\"twitter:card\" content=\"summary_large_image\" \/>\n<meta name=\"twitter:label1\" content=\"Est. reading time\" \/>\n\t<meta name=\"twitter:data1\" content=\"1 minute\" \/>\n<script type=\"application\/ld+json\" class=\"yoast-schema-graph\">{\"@context\":\"https:\/\/schema.org\",\"@graph\":[{\"@type\":\"WebPage\",\"@id\":\"https:\/\/www.okazcaravane80.fr\/index.php\/documents-a-fournir\/\",\"url\":\"https:\/\/www.okazcaravane80.fr\/index.php\/documents-a-fournir\/\",\"name\":\"Documents \u00e0 fournir - Okaz Caravane 80\",\"isPartOf\":{\"@id\":\"https:\/\/www.okazcaravane80.fr\/#website\"},\"datePublished\":\"2024-10-25T12:26:55+00:00\",\"dateModified\":\"2024-10-26T15:13:33+00:00\",\"breadcrumb\":{\"@id\":\"https:\/\/www.okazcaravane80.fr\/index.php\/documents-a-fournir\/#breadcrumb\"},\"inLanguage\":\"en-US\",\"potentialAction\":[{\"@type\":\"ReadAction\",\"target\":[\"https:\/\/www.okazcaravane80.fr\/index.php\/documents-a-fournir\/\"]}]},{\"@type\":\"BreadcrumbList\",\"@id\":\"https:\/\/www.okazcaravane80.fr\/index.php\/documents-a-fournir\/#breadcrumb\",\"itemListElement\":[{\"@type\":\"ListItem\",\"position\":1,\"name\":\"Accueil\",\"item\":\"https:\/\/www.okazcaravane80.fr\/\"},{\"@type\":\"ListItem\",\"position\":2,\"name\":\"Documents \u00e0 fournir\"}]},{\"@type\":\"WebSite\",\"@id\":\"https:\/\/www.okazcaravane80.fr\/#website\",\"url\":\"https:\/\/www.okazcaravane80.fr\/\",\"name\":\"Okaz Caravane 80\",\"description\":\"Sp\u00e9cialiste de la caravane d&#039;occasion\",\"publisher\":{\"@id\":\"https:\/\/www.okazcaravane80.fr\/#organization\"},\"potentialAction\":[{\"@type\":\"SearchAction\",\"target\":{\"@type\":\"EntryPoint\",\"urlTemplate\":\"https:\/\/www.okazcaravane80.fr\/?s={search_term_string}\"},\"query-input\":{\"@type\":\"PropertyValueSpecification\",\"valueRequired\":true,\"valueName\":\"search_term_string\"}}],\"inLanguage\":\"en-US\"},{\"@type\":\"Organization\",\"@id\":\"https:\/\/www.okazcaravane80.fr\/#organization\",\"name\":\"Okaz Caravane 80\",\"url\":\"https:\/\/www.okazcaravane80.fr\/\",\"logo\":{\"@type\":\"ImageObject\",\"inLanguage\":\"en-US\",\"@id\":\"https:\/\/www.okazcaravane80.fr\/#\/schema\/logo\/image\/\",\"url\":\"https:\/\/www.okazcaravane80.fr\/wp-content\/uploads\/2024\/10\/cropped-OKAZ-CARAVANE-LOGO-WEB-min.png\",\"contentUrl\":\"https:\/\/www.okazcaravane80.fr\/wp-content\/uploads\/2024\/10\/cropped-OKAZ-CARAVANE-LOGO-WEB-min.png\",\"width\":2480,\"height\":432,\"caption\":\"Okaz Caravane 80\"},\"image\":{\"@id\":\"https:\/\/www.okazcaravane80.fr\/#\/schema\/logo\/image\/\"},\"sameAs\":[\"https:\/\/www.facebook.com\/OkazCaravane80\"]}]}<\/script>\n<!-- \/ Yoast SEO plugin. -->","yoast_head_json":{"title":"Documents \u00e0 fournir - Okaz Caravane 80","robots":{"index":"index","follow":"follow","max-snippet":"max-snippet:-1","max-image-preview":"max-image-preview:large","max-video-preview":"max-video-preview:-1"},"canonical":"https:\/\/www.okazcaravane80.fr\/index.php\/documents-a-fournir\/","og_locale":"en_US","og_type":"article","og_title":"Documents \u00e0 fournir - Okaz Caravane 80","og_description":"En tant que professionnel, nous sommes tenus d&#8217;effectuer les d\u00e9marches d&#8217;\u00e9tablissement de certificat d&#8217;immatriculation. Voici ce que vous devez pr\u00e9parer \u00e0 cet effet : Source : https:\/\/www.service-public.fr\/particuliers\/vosdroits\/F1050","og_url":"https:\/\/www.okazcaravane80.fr\/index.php\/documents-a-fournir\/","og_site_name":"Okaz Caravane 80","article_publisher":"https:\/\/www.facebook.com\/OkazCaravane80","article_modified_time":"2024-10-26T15:13:33+00:00","og_image":[{"width":1316,"height":878,"url":"https:\/\/www.okazcaravane80.fr\/wp-content\/uploads\/2024\/10\/IMGOkazCaravane80.png","type":"image\/png"}],"twitter_card":"summary_large_image","twitter_misc":{"Est. reading time":"1 minute"},"schema":{"@context":"https:\/\/schema.org","@graph":[{"@type":"WebPage","@id":"https:\/\/www.okazcaravane80.fr\/index.php\/documents-a-fournir\/","url":"https:\/\/www.okazcaravane80.fr\/index.php\/documents-a-fournir\/","name":"Documents \u00e0 fournir - Okaz Caravane 80","isPartOf":{"@id":"https:\/\/www.okazcaravane80.fr\/#website"},"datePublished":"2024-10-25T12:26:55+00:00","dateModified":"2024-10-26T15:13:33+00:00","breadcrumb":{"@id":"https:\/\/www.okazcaravane80.fr\/index.php\/documents-a-fournir\/#breadcrumb"},"inLanguage":"en-US","potentialAction":[{"@type":"ReadAction","target":["https:\/\/www.okazcaravane80.fr\/index.php\/documents-a-fournir\/"]}]},{"@type":"BreadcrumbList","@id":"https:\/\/www.okazcaravane80.fr\/index.php\/documents-a-fournir\/#breadcrumb","itemListElement":[{"@type":"ListItem","position":1,"name":"Accueil","item":"https:\/\/www.okazcaravane80.fr\/"},{"@type":"ListItem","position":2,"name":"Documents \u00e0 fournir"}]},{"@type":"WebSite","@id":"https:\/\/www.okazcaravane80.fr\/#website","url":"https:\/\/www.okazcaravane80.fr\/","name":"Okaz Caravane 80","description":"Sp\u00e9cialiste de la caravane d&#039;occasion","publisher":{"@id":"https:\/\/www.okazcaravane80.fr\/#organization"},"potentialAction":[{"@type":"SearchAction","target":{"@type":"EntryPoint","urlTemplate":"https:\/\/www.okazcaravane80.fr\/?s={search_term_string}"},"query-input":{"@type":"PropertyValueSpecification","valueRequired":true,"valueName":"search_term_string"}}],"inLanguage":"en-US"},{"@type":"Organization","@id":"https:\/\/www.okazcaravane80.fr\/#organization","name":"Okaz Caravane 80","url":"https:\/\/www.okazcaravane80.fr\/","logo":{"@type":"ImageObject","inLanguage":"en-US","@id":"https:\/\/www.okazcaravane80.fr\/#\/schema\/logo\/image\/","url":"https:\/\/www.okazcaravane80.fr\/wp-content\/uploads\/2024\/10\/cropped-OKAZ-CARAVANE-LOGO-WEB-min.png","contentUrl":"https:\/\/www.okazcaravane80.fr\/wp-content\/uploads\/2024\/10\/cropped-OKAZ-CARAVANE-LOGO-WEB-min.png","width":2480,"height":432,"caption":"Okaz Caravane 80"},"image":{"@id":"https:\/\/www.okazcaravane80.fr\/#\/schema\/logo\/image\/"},"sameAs":["https:\/\/www.facebook.com\/OkazCaravane80"]}]}},"_links":{"self":[{"href":"https:\/\/www.okazcaravane80.fr\/index.php\/wp-json\/wp\/v2\/pages\/2983","targetHints":{"allow":["GET"]}}],"collection":[{"href":"https:\/\/www.okazcaravane80.fr\/index.php\/wp-json\/wp\/v2\/pages"}],"about":[{"href":"https:\/\/www.okazcaravane80.fr\/index.php\/wp-json\/wp\/v2\/types\/page"}],"author":[{"embeddable":true,"href":"https:\/\/www.okazcaravane80.fr\/index.php\/wp-json\/wp\/v2\/users\/1"}],"replies":[{"embeddable":true,"href":"https:\/\/www.okazcaravane80.fr\/index.php\/wp-json\/wp\/v2\/comments?post=2983"}],"version-history":[{"count":12,"href":"https:\/\/www.okazcaravane80.fr\/index.php\/wp-json\/wp\/v2\/pages\/2983\/revisions"}],"predecessor-version":[{"id":3303,"href":"https:\/\/www.okazcaravane80.fr\/index.php\/wp-json\/wp\/v2\/pages\/2983\/revisions\/3303"}],"wp:attachment":[{"href":"https:\/\/www.okazcaravane80.fr\/index.php\/wp-json\/wp\/v2\/media?parent=2983"}],"curies":[{"name":"wp","href":"https:\/\/api.w.org\/{rel}","templated":true}]}}