{"id":2,"date":"2024-10-23T10:30:25","date_gmt":"2024-10-23T08:30:25","guid":{"rendered":"http:\/\/www.okazcaravane80.fr\/?page_id=2"},"modified":"2025-01-16T10:16:33","modified_gmt":"2025-01-16T09:16:33","slug":"qui-sommes-nous","status":"publish","type":"page","link":"https:\/\/www.okazcaravane80.fr\/index.php\/qui-sommes-nous\/","title":{"rendered":"Qui sommes-nous ?"},"content":{"rendered":"\n<h2 class=\"wp-block-heading has-normal-font-size\">Bas\u00e9 dans la Somme, Okaz Caravane 80 d\u00e9niche pour vous la caravane d&#8217;occasion de vos r\u00eaves.<\/h2>\n\n\n\n<p>Vous pouvez consulter nos mod\u00e8les en stock ici : <a href=\"\/index.php\/listing\" data-type=\"link\" data-id=\"index.php\/listing\">Caravanes d&#8217;occasion en stock<\/a><\/p>\n\n\n\n<p>Nous vous proposons \u00e9galement le d\u00e9pot-vente, afin de vous accompagner dans tout le processus de vente de votre caravane. <\/p>\n\n\n\n<p>Plus simple encore, nous pouvons aussi racheter votre caravane !<\/p>\n\n\n\n<p>Vous avez une requ\u00eate personnalis\u00e9e ? N&#8217;h\u00e9sitez pas, \u00e9crivez nous ou contactez nous !<\/p>\n\n\n\n<div class=\"wp-block-buttons is-content-justification-center is-layout-flex wp-container-core-buttons-is-layout-16018d1d wp-block-buttons-is-layout-flex\">\n<div class=\"wp-block-button\"><a class=\"wp-block-button__link has-primary-background-color has-background wp-element-button\" href=\"https:\/\/www.google.com\/search?client=firefox-b-d&amp;q=okaz+caravane+80#\">T\u00e9l : 06 13 27 61 47<\/a><\/div>\n<\/div>\n\n\n\n<p>Mail : <a href=\"mailto:guillaume@okazcaravane80.fr\">guillaume@okazcaravane80.fr<\/a><\/p>\n\n\n\n<p><\/p>\n","protected":false},"excerpt":{"rendered":"<p>Bas\u00e9 dans la Somme, Okaz Caravane 80 d\u00e9niche pour vous la caravane d&#8217;occasion de vos r\u00eaves. Vous pouvez consulter nos mod\u00e8les en stock ici : Caravanes d&#8217;occasion en stock Nous vous proposons \u00e9galement le d\u00e9pot-vente, afin de vous accompagner dans tout le processus de vente de votre caravane. Plus simple encore, nous pouvons aussi racheter [&hellip;]<\/p>\n","protected":false},"author":1,"featured_media":3361,"parent":0,"menu_order":0,"comment_status":"closed","ping_status":"open","template":"templates\/template-full-width.php","meta":{"footnotes":""},"class_list":["post-2","page","type-page","status-publish","has-post-thumbnail","hentry"],"yoast_head":"<!-- This site is optimized with the Yoast SEO plugin v23.7 - https:\/\/yoast.com\/wordpress\/plugins\/seo\/ -->\n<title>Qui sommes-nous ? - Okaz Caravane 80<\/title>\n<meta name=\"robots\" content=\"index, follow, max-snippet:-1, max-image-preview:large, max-video-preview:-1\" \/>\n<link rel=\"canonical\" href=\"https:\/\/www.okazcaravane80.fr\/index.php\/qui-sommes-nous\/\" \/>\n<meta property=\"og:locale\" content=\"en_US\" \/>\n<meta property=\"og:type\" content=\"article\" \/>\n<meta property=\"og:title\" content=\"Qui sommes-nous ? - Okaz Caravane 80\" \/>\n<meta property=\"og:description\" content=\"Bas\u00e9 dans la Somme, Okaz Caravane 80 d\u00e9niche pour vous la caravane d&#8217;occasion de vos r\u00eaves. Vous pouvez consulter nos mod\u00e8les en stock ici : Caravanes d&#8217;occasion en stock Nous vous proposons \u00e9galement le d\u00e9pot-vente, afin de vous accompagner dans tout le processus de vente de votre caravane. Plus simple encore, nous pouvons aussi racheter [&hellip;]\" \/>\n<meta property=\"og:url\" content=\"https:\/\/www.okazcaravane80.fr\/index.php\/qui-sommes-nous\/\" \/>\n<meta property=\"og:site_name\" content=\"Okaz Caravane 80\" \/>\n<meta property=\"article:publisher\" content=\"https:\/\/www.facebook.com\/OkazCaravane80\" \/>\n<meta property=\"article:modified_time\" content=\"2025-01-16T09:16:33+00:00\" \/>\n<meta property=\"og:image\" content=\"https:\/\/www.okazcaravane80.fr\/wp-content\/uploads\/2024\/10\/FOND-LAC-3-min-2-min.png\" \/>\n\t<meta property=\"og:image:width\" content=\"3094\" \/>\n\t<meta property=\"og:image:height\" content=\"1366\" \/>\n\t<meta property=\"og:image:type\" content=\"image\/png\" \/>\n<meta name=\"twitter:card\" content=\"summary_large_image\" \/>\n<meta name=\"twitter:label1\" content=\"Est. reading time\" \/>\n\t<meta name=\"twitter:data1\" content=\"1 minute\" \/>\n<script type=\"application\/ld+json\" class=\"yoast-schema-graph\">{\"@context\":\"https:\/\/schema.org\",\"@graph\":[{\"@type\":\"WebPage\",\"@id\":\"https:\/\/www.okazcaravane80.fr\/index.php\/qui-sommes-nous\/\",\"url\":\"https:\/\/www.okazcaravane80.fr\/index.php\/qui-sommes-nous\/\",\"name\":\"Qui sommes-nous ? - Okaz Caravane 80\",\"isPartOf\":{\"@id\":\"https:\/\/www.okazcaravane80.fr\/#website\"},\"primaryImageOfPage\":{\"@id\":\"https:\/\/www.okazcaravane80.fr\/index.php\/qui-sommes-nous\/#primaryimage\"},\"image\":{\"@id\":\"https:\/\/www.okazcaravane80.fr\/index.php\/qui-sommes-nous\/#primaryimage\"},\"thumbnailUrl\":\"https:\/\/www.okazcaravane80.fr\/wp-content\/uploads\/2024\/10\/FOND-LAC-3-min-2-min.png\",\"datePublished\":\"2024-10-23T08:30:25+00:00\",\"dateModified\":\"2025-01-16T09:16:33+00:00\",\"breadcrumb\":{\"@id\":\"https:\/\/www.okazcaravane80.fr\/index.php\/qui-sommes-nous\/#breadcrumb\"},\"inLanguage\":\"en-US\",\"potentialAction\":[{\"@type\":\"ReadAction\",\"target\":[\"https:\/\/www.okazcaravane80.fr\/index.php\/qui-sommes-nous\/\"]}]},{\"@type\":\"ImageObject\",\"inLanguage\":\"en-US\",\"@id\":\"https:\/\/www.okazcaravane80.fr\/index.php\/qui-sommes-nous\/#primaryimage\",\"url\":\"https:\/\/www.okazcaravane80.fr\/wp-content\/uploads\/2024\/10\/FOND-LAC-3-min-2-min.png\",\"contentUrl\":\"https:\/\/www.okazcaravane80.fr\/wp-content\/uploads\/2024\/10\/FOND-LAC-3-min-2-min.png\",\"width\":3094,\"height\":1366},{\"@type\":\"BreadcrumbList\",\"@id\":\"https:\/\/www.okazcaravane80.fr\/index.php\/qui-sommes-nous\/#breadcrumb\",\"itemListElement\":[{\"@type\":\"ListItem\",\"position\":1,\"name\":\"Accueil\",\"item\":\"https:\/\/www.okazcaravane80.fr\/\"},{\"@type\":\"ListItem\",\"position\":2,\"name\":\"Qui sommes-nous ?\"}]},{\"@type\":\"WebSite\",\"@id\":\"https:\/\/www.okazcaravane80.fr\/#website\",\"url\":\"https:\/\/www.okazcaravane80.fr\/\",\"name\":\"Okaz Caravane 80\",\"description\":\"Sp\u00e9cialiste de la caravane d&#039;occasion\",\"publisher\":{\"@id\":\"https:\/\/www.okazcaravane80.fr\/#organization\"},\"potentialAction\":[{\"@type\":\"SearchAction\",\"target\":{\"@type\":\"EntryPoint\",\"urlTemplate\":\"https:\/\/www.okazcaravane80.fr\/?s={search_term_string}\"},\"query-input\":{\"@type\":\"PropertyValueSpecification\",\"valueRequired\":true,\"valueName\":\"search_term_string\"}}],\"inLanguage\":\"en-US\"},{\"@type\":\"Organization\",\"@id\":\"https:\/\/www.okazcaravane80.fr\/#organization\",\"name\":\"Okaz Caravane 80\",\"url\":\"https:\/\/www.okazcaravane80.fr\/\",\"logo\":{\"@type\":\"ImageObject\",\"inLanguage\":\"en-US\",\"@id\":\"https:\/\/www.okazcaravane80.fr\/#\/schema\/logo\/image\/\",\"url\":\"https:\/\/www.okazcaravane80.fr\/wp-content\/uploads\/2024\/10\/cropped-OKAZ-CARAVANE-LOGO-WEB-min.png\",\"contentUrl\":\"https:\/\/www.okazcaravane80.fr\/wp-content\/uploads\/2024\/10\/cropped-OKAZ-CARAVANE-LOGO-WEB-min.png\",\"width\":2480,\"height\":432,\"caption\":\"Okaz Caravane 80\"},\"image\":{\"@id\":\"https:\/\/www.okazcaravane80.fr\/#\/schema\/logo\/image\/\"},\"sameAs\":[\"https:\/\/www.facebook.com\/OkazCaravane80\"]}]}<\/script>\n<!-- \/ Yoast SEO plugin. -->","yoast_head_json":{"title":"Qui sommes-nous ? - Okaz Caravane 80","robots":{"index":"index","follow":"follow","max-snippet":"max-snippet:-1","max-image-preview":"max-image-preview:large","max-video-preview":"max-video-preview:-1"},"canonical":"https:\/\/www.okazcaravane80.fr\/index.php\/qui-sommes-nous\/","og_locale":"en_US","og_type":"article","og_title":"Qui sommes-nous ? - Okaz Caravane 80","og_description":"Bas\u00e9 dans la Somme, Okaz Caravane 80 d\u00e9niche pour vous la caravane d&#8217;occasion de vos r\u00eaves. Vous pouvez consulter nos mod\u00e8les en stock ici : Caravanes d&#8217;occasion en stock Nous vous proposons \u00e9galement le d\u00e9pot-vente, afin de vous accompagner dans tout le processus de vente de votre caravane. Plus simple encore, nous pouvons aussi racheter [&hellip;]","og_url":"https:\/\/www.okazcaravane80.fr\/index.php\/qui-sommes-nous\/","og_site_name":"Okaz Caravane 80","article_publisher":"https:\/\/www.facebook.com\/OkazCaravane80","article_modified_time":"2025-01-16T09:16:33+00:00","og_image":[{"width":3094,"height":1366,"url":"https:\/\/www.okazcaravane80.fr\/wp-content\/uploads\/2024\/10\/FOND-LAC-3-min-2-min.png","type":"image\/png"}],"twitter_card":"summary_large_image","twitter_misc":{"Est. reading time":"1 minute"},"schema":{"@context":"https:\/\/schema.org","@graph":[{"@type":"WebPage","@id":"https:\/\/www.okazcaravane80.fr\/index.php\/qui-sommes-nous\/","url":"https:\/\/www.okazcaravane80.fr\/index.php\/qui-sommes-nous\/","name":"Qui sommes-nous ? - Okaz Caravane 80","isPartOf":{"@id":"https:\/\/www.okazcaravane80.fr\/#website"},"primaryImageOfPage":{"@id":"https:\/\/www.okazcaravane80.fr\/index.php\/qui-sommes-nous\/#primaryimage"},"image":{"@id":"https:\/\/www.okazcaravane80.fr\/index.php\/qui-sommes-nous\/#primaryimage"},"thumbnailUrl":"https:\/\/www.okazcaravane80.fr\/wp-content\/uploads\/2024\/10\/FOND-LAC-3-min-2-min.png","datePublished":"2024-10-23T08:30:25+00:00","dateModified":"2025-01-16T09:16:33+00:00","breadcrumb":{"@id":"https:\/\/www.okazcaravane80.fr\/index.php\/qui-sommes-nous\/#breadcrumb"},"inLanguage":"en-US","potentialAction":[{"@type":"ReadAction","target":["https:\/\/www.okazcaravane80.fr\/index.php\/qui-sommes-nous\/"]}]},{"@type":"ImageObject","inLanguage":"en-US","@id":"https:\/\/www.okazcaravane80.fr\/index.php\/qui-sommes-nous\/#primaryimage","url":"https:\/\/www.okazcaravane80.fr\/wp-content\/uploads\/2024\/10\/FOND-LAC-3-min-2-min.png","contentUrl":"https:\/\/www.okazcaravane80.fr\/wp-content\/uploads\/2024\/10\/FOND-LAC-3-min-2-min.png","width":3094,"height":1366},{"@type":"BreadcrumbList","@id":"https:\/\/www.okazcaravane80.fr\/index.php\/qui-sommes-nous\/#breadcrumb","itemListElement":[{"@type":"ListItem","position":1,"name":"Accueil","item":"https:\/\/www.okazcaravane80.fr\/"},{"@type":"ListItem","position":2,"name":"Qui sommes-nous ?"}]},{"@type":"WebSite","@id":"https:\/\/www.okazcaravane80.fr\/#website","url":"https:\/\/www.okazcaravane80.fr\/","name":"Okaz Caravane 80","description":"Sp\u00e9cialiste de la caravane d&#039;occasion","publisher":{"@id":"https:\/\/www.okazcaravane80.fr\/#organization"},"potentialAction":[{"@type":"SearchAction","target":{"@type":"EntryPoint","urlTemplate":"https:\/\/www.okazcaravane80.fr\/?s={search_term_string}"},"query-input":{"@type":"PropertyValueSpecification","valueRequired":true,"valueName":"search_term_string"}}],"inLanguage":"en-US"},{"@type":"Organization","@id":"https:\/\/www.okazcaravane80.fr\/#organization","name":"Okaz Caravane 80","url":"https:\/\/www.okazcaravane80.fr\/","logo":{"@type":"ImageObject","inLanguage":"en-US","@id":"https:\/\/www.okazcaravane80.fr\/#\/schema\/logo\/image\/","url":"https:\/\/www.okazcaravane80.fr\/wp-content\/uploads\/2024\/10\/cropped-OKAZ-CARAVANE-LOGO-WEB-min.png","contentUrl":"https:\/\/www.okazcaravane80.fr\/wp-content\/uploads\/2024\/10\/cropped-OKAZ-CARAVANE-LOGO-WEB-min.png","width":2480,"height":432,"caption":"Okaz Caravane 80"},"image":{"@id":"https:\/\/www.okazcaravane80.fr\/#\/schema\/logo\/image\/"},"sameAs":["https:\/\/www.facebook.com\/OkazCaravane80"]}]}},"_links":{"self":[{"href":"https:\/\/www.okazcaravane80.fr\/index.php\/wp-json\/wp\/v2\/pages\/2","targetHints":{"allow":["GET"]}}],"collection":[{"href":"https:\/\/www.okazcaravane80.fr\/index.php\/wp-json\/wp\/v2\/pages"}],"about":[{"href":"https:\/\/www.okazcaravane80.fr\/index.php\/wp-json\/wp\/v2\/types\/page"}],"author":[{"embeddable":true,"href":"https:\/\/www.okazcaravane80.fr\/index.php\/wp-json\/wp\/v2\/users\/1"}],"replies":[{"embeddable":true,"href":"https:\/\/www.okazcaravane80.fr\/index.php\/wp-json\/wp\/v2\/comments?post=2"}],"version-history":[{"count":22,"href":"https:\/\/www.okazcaravane80.fr\/index.php\/wp-json\/wp\/v2\/pages\/2\/revisions"}],"predecessor-version":[{"id":3448,"href":"https:\/\/www.okazcaravane80.fr\/index.php\/wp-json\/wp\/v2\/pages\/2\/revisions\/3448"}],"wp:featuredmedia":[{"embeddable":true,"href":"https:\/\/www.okazcaravane80.fr\/index.php\/wp-json\/wp\/v2\/media\/3361"}],"wp:attachment":[{"href":"https:\/\/www.okazcaravane80.fr\/index.php\/wp-json\/wp\/v2\/media?parent=2"}],"curies":[{"name":"wp","href":"https:\/\/api.w.org\/{rel}","templated":true}]}}